{"id":22095,"date":"2022-05-05T08:28:21","date_gmt":"2022-05-05T08:28:21","guid":{"rendered":"https:\/\/traders-academy.net\/?page_id=22095"},"modified":"2024-08-22T11:03:49","modified_gmt":"2024-08-22T11:03:49","slug":"technical-analysis-articles","status":"publish","type":"page","link":"https:\/\/traders-academy.net\/es\/technical-analysis-articles\/","title":{"rendered":"An\u00e1lisis t\u00e9cnico de art\u00edculos"},"content":{"rendered":"\t\t<div data-elementor-type=\"wp-page\" data-elementor-id=\"22095\" class=\"elementor elementor-22095\">\n\t\t\t\t\t\t<div class=\"elementor-inner\">\n\t\t\t\t<div class=\"elementor-section-wrap\">\n\t\t\t\t\t\t\t\t\t<section class=\"elementor-section elementor-top-section elementor-element elementor-element-9c6b187 elementor-section-boxed elementor-section-height-default elementor-section-height-default\" data-id=\"9c6b187\" data-element_type=\"section\" data-settings=\"{&quot;background_background&quot;:&quot;classic&quot;}\">\n\t\t\t\t\t\t<div class=\"elementor-container elementor-column-gap-default\">\n\t\t\t\t\t\t\t<div class=\"elementor-row\">\n\t\t\t\t\t<div class=\"elementor-column elementor-col-100 elementor-top-column elementor-element elementor-element-6beea47\" data-id=\"6beea47\" data-element_type=\"column\">\n\t\t\t<div class=\"elementor-column-wrap elementor-element-populated\">\n\t\t\t\t\t\t\t<div class=\"elementor-widget-wrap\">\n\t\t\t\t\t\t<div class=\"elementor-element elementor-element-5b551c7 elementor-widget elementor-widget-heading\" data-id=\"5b551c7\" data-element_type=\"widget\" data-widget_type=\"heading.default\">\n\t\t\t\t<div class=\"elementor-widget-container\">\n\t\t\t<h1 class=\"elementor-heading-title elementor-size-default\">An\u00e1lisis t\u00e9cnico de art\u00edculos<\/h1>\t\t<\/div>\n\t\t\t\t<\/div>\n\t\t\t\t\t\t<\/div>\n\t\t\t\t\t<\/div>\n\t\t<\/div>\n\t\t\t\t\t\t\t\t<\/div>\n\t\t\t\t\t<\/div>\n\t\t<\/section>\n\t\t\t\t<section class=\"elementor-section elementor-top-section elementor-element elementor-element-3da29ce elementor-section-boxed elementor-section-height-default elementor-section-height-default\" data-id=\"3da29ce\" data-element_type=\"section\" data-settings=\"{&quot;background_background&quot;:&quot;classic&quot;}\">\n\t\t\t\t\t\t<div class=\"elementor-container elementor-column-gap-no\">\n\t\t\t\t\t\t\t<div class=\"elementor-row\">\n\t\t\t\t\t<div class=\"elementor-column elementor-col-100 elementor-top-column elementor-element elementor-element-1975fc5\" data-id=\"1975fc5\" data-element_type=\"column\">\n\t\t\t<div class=\"elementor-column-wrap elementor-element-populated\">\n\t\t\t\t\t\t\t<div class=\"elementor-widget-wrap\">\n\t\t\t\t\t\t\t\t<\/div>\n\t\t\t\t\t<\/div>\n\t\t<\/div>\n\t\t\t\t\t\t\t\t<\/div>\n\t\t\t\t\t<\/div>\n\t\t<\/section>\n\t\t\t\t<section class=\"elementor-section elementor-top-section elementor-element elementor-element-97240fc elementor-section-full_width elementor-section-height-default elementor-section-height-default\" data-id=\"97240fc\" data-element_type=\"section\" data-settings=\"{&quot;background_background&quot;:&quot;classic&quot;}\">\n\t\t\t\t\t\t<div class=\"elementor-container elementor-column-gap-no\">\n\t\t\t\t\t\t\t<div class=\"elementor-row\">\n\t\t\t\t\t<div class=\"elementor-column elementor-col-100 elementor-top-column elementor-element elementor-element-a666451\" data-id=\"a666451\" data-element_type=\"column\">\n\t\t\t<div class=\"elementor-column-wrap elementor-element-populated\">\n\t\t\t\t\t\t\t<div class=\"elementor-widget-wrap\">\n\t\t\t\t\t\t<div class=\"elementor-element elementor-element-7d2dac9 stax-condition-yes stax-user_role_enabled-yes elementor-widget elementor-widget-text-editor\" data-id=\"7d2dac9\" data-element_type=\"widget\" data-widget_type=\"text-editor.default\">\n\t\t\t\t<div class=\"elementor-widget-container\">\n\t\t\t\t\t\t\t\t<div class=\"elementor-text-editor elementor-clearfix\">\n\t\t\t\t<script>\n(function(w,d,t,h,l,b,p,o,a,m){w[\"TraducationFxObject\"]=o;w[o]=w[o]||function(){\nw[o].h=h;w[o].b=b;return (w[o].q=w[o].q||[]).push(arguments)};a=d.createElement(t),\nm=d.getElementsByTagName(t)[0];a.async=1;a.src=h+l+\"?b=\"+b+\"&p=\"+p.join(\",\");a.crossorigin=\"use-credentials\";m.parentNode.insertBefore(a,m)\n})(window,document,\"script\",\"https:\/\/embedder.traducationfx.com\/\",\"embedder.js\",\"PH96C40jsUy\",[],\"TraducationFX\");\nTraducationFX('plugin.modal.articleLocked', 'configure', {\n    primaryButton: {\n        text: 'Register now',\n        link: 'https:\/\/traders-academy.net\/registration\/'\n    }\n});\n<\/script>\n\n<script>\nTraducationFX(\"articles.technicalAnalysis\", \"configure\", {\n    \"containerId\": \"trfx-technicalAnalysis\",\n    \"category\": \"technicalAnalysis\",\n    \"layout\": \"grid\"\n});\nTraducationFX(\"articles.technicalAnalysis\", \"embed\");\n<\/script>\n<div id=\"trfx-technicalAnalysis\"><\/div>\t\t\t\t\t<\/div>\n\t\t\t\t<style>\/*! elementor - v3.13.3 - 28-05-2023 *\/\n.elementor-widget-text-editor.elementor-drop-cap-view-stacked .elementor-drop-cap{background-color:#69727d;color:#fff}.elementor-widget-text-editor.elementor-drop-cap-view-framed .elementor-drop-cap{color:#69727d;border:3px solid;background-color:transparent}.elementor-widget-text-editor:not(.elementor-drop-cap-view-default) .elementor-drop-cap{margin-top:8px}.elementor-widget-text-editor:not(.elementor-drop-cap-view-default) .elementor-drop-cap-letter{width:1em;height:1em}.elementor-widget-text-editor .elementor-drop-cap{float:right;text-align:center;line-height:1;font-size:50px}.elementor-widget-text-editor .elementor-drop-cap-letter{display:inline-block}<\/style>\t\t<\/div>\n\t\t\t\t<\/div>\n\t\t\t\t\t\t<\/div>\n\t\t\t\t\t<\/div>\n\t\t<\/div>\n\t\t\t\t\t\t\t\t<\/div>\n\t\t\t\t\t<\/div>\n\t\t<\/section>\n\t\t\t\t<section class=\"elementor-section elementor-top-section elementor-element elementor-element-afb6289 elementor-section-full_width elementor-section-height-default elementor-section-height-default\" data-id=\"afb6289\" data-element_type=\"section\">\n\t\t\t\t\t\t<div class=\"elementor-container elementor-column-gap-no\">\n\t\t\t\t\t\t\t<div class=\"elementor-row\">\n\t\t\t\t\t<div class=\"elementor-column elementor-col-100 elementor-top-column elementor-element elementor-element-7843559\" data-id=\"7843559\" data-element_type=\"column\">\n\t\t\t<div class=\"elementor-column-wrap elementor-element-populated\">\n\t\t\t\t\t\t\t<div class=\"elementor-widget-wrap\">\n\t\t\t\t\t\t<div class=\"elementor-element elementor-element-c307c42 elementor-widget elementor-widget-template\" data-id=\"c307c42\" data-element_type=\"widget\" data-widget_type=\"template.default\">\n\t\t\t\t<div class=\"elementor-widget-container\">\n\t\t\t\t\t<div class=\"elementor-template\">\n\t\t\t\t\t<div data-elementor-type=\"section\" data-elementor-id=\"19959\" class=\"elementor elementor-19959\">\n\t\t\t\t\t<div class=\"elementor-section-wrap\">\n\t\t\t\t\t\t\t\t<section class=\"elementor-section elementor-top-section elementor-element elementor-element-df7eebd elementor-section-height-min-height elementor-section-content-middle elementor-hidden-mobile elementor-section-boxed elementor-section-height-default elementor-section-items-middle\" data-id=\"df7eebd\" data-element_type=\"section\" data-settings=\"{&quot;background_background&quot;:&quot;gradient&quot;}\">\n\t\t\t\t\t\t<div class=\"elementor-container elementor-column-gap-default\">\n\t\t\t\t\t\t\t<div class=\"elementor-row\">\n\t\t\t\t\t<div class=\"elementor-column elementor-col-50 elementor-top-column elementor-element elementor-element-0eca7a2\" data-id=\"0eca7a2\" data-element_type=\"column\">\n\t\t\t<div class=\"elementor-column-wrap elementor-element-populated\">\n\t\t\t\t\t\t\t<div class=\"elementor-widget-wrap\">\n\t\t\t\t\t\t<div class=\"elementor-element elementor-element-213c6d4 elementor-hidden-mobile elementor-widget elementor-widget-heading\" data-id=\"213c6d4\" data-element_type=\"widget\" data-widget_type=\"heading.default\">\n\t\t\t\t<div class=\"elementor-widget-container\">\n\t\t\t<h2 class=\"elementor-heading-title elementor-size-default\">\u00a1Aprende, Practica, Comercia! <\/h2>\t\t<\/div>\n\t\t\t\t<\/div>\n\t\t\t\t<div class=\"elementor-element elementor-element-fa5315d elementor-widget-mobile__width-initial elementor-hidden-desktop elementor-hidden-tablet elementor-widget elementor-widget-heading\" data-id=\"fa5315d\" data-element_type=\"widget\" data-widget_type=\"heading.default\">\n\t\t\t\t<div class=\"elementor-widget-container\">\n\t\t\t<h2 class=\"elementor-heading-title elementor-size-default\">\u00a1Aprende, Practica, Comercia!<\/h2>\t\t<\/div>\n\t\t\t\t<\/div>\n\t\t\t\t<div class=\"elementor-element elementor-element-3bc684f elementor-widget elementor-widget-heading\" data-id=\"3bc684f\" data-element_type=\"widget\" data-widget_type=\"heading.default\">\n\t\t\t\t<div class=\"elementor-widget-container\">\n\t\t\t<h2 class=\"elementor-heading-title elementor-size-default\">Tu tienda integral para el \u00e9xito en el trading<\/h2>\t\t<\/div>\n\t\t\t\t<\/div>\n\t\t\t\t<div class=\"elementor-element elementor-element-4c235e8 elementor-widget__width-initial elementor-hidden-mobile stax-condition-yes stax-user_role_enabled-yes elementor-widget elementor-widget-button\" data-id=\"4c235e8\" data-element_type=\"widget\" data-widget_type=\"button.default\">\n\t\t\t\t<div class=\"elementor-widget-container\">\n\t\t\t\t\t<div class=\"elementor-button-wrapper\">\n\t\t\t<a href=\"https:\/\/traders-academy.net\/es\/registration\/\" class=\"elementor-button-link elementor-button elementor-size-sm\" role=\"button\">\n\t\t\t\t\t\t<span class=\"elementor-button-content-wrapper\">\n\t\t\t\t\t\t<span class=\"elementor-button-text\">Aprende ahora<\/span>\n\t\t<\/span>\n\t\t\t\t\t<\/a>\n\t\t<\/div>\n\t\t\t\t<\/div>\n\t\t\t\t<\/div>\n\t\t\t\t\t\t<\/div>\n\t\t\t\t\t<\/div>\n\t\t<\/div>\n\t\t\t\t<div class=\"elementor-column elementor-col-50 elementor-top-column elementor-element elementor-element-8d9ab3b\" data-id=\"8d9ab3b\" data-element_type=\"column\">\n\t\t\t<div class=\"elementor-column-wrap elementor-element-populated\">\n\t\t\t\t\t\t\t<div class=\"elementor-widget-wrap\">\n\t\t\t\t\t\t<div class=\"elementor-element elementor-element-04fa7e0 elementor-widget elementor-widget-image\" data-id=\"04fa7e0\" data-element_type=\"widget\" data-widget_type=\"image.default\">\n\t\t\t\t<div class=\"elementor-widget-container\">\n\t\t\t\t\t\t\t\t<div class=\"elementor-image\">\n\t\t\t\t\t\t\t\t\t\t\t\t<img decoding=\"async\" loading=\"lazy\"width=\"2678\" height=\"1746\" src=\"https:\/\/bcdn.traders-academy.net\/wp-content\/uploads\/2025\/01\/EN-MOCKUPS-1-new.png\" class=\"attachment-full size-full wp-image-37818\" alt=\"\" srcset=\"https:\/\/bcdn.traders-academy.net\/wp-content\/uploads\/2025\/01\/EN-MOCKUPS-1-new.png 2678w, https:\/\/bcdn.traders-academy.net\/wp-content\/uploads\/2025\/01\/EN-MOCKUPS-1-new-300x196.png 300w, https:\/\/bcdn.traders-academy.net\/wp-content\/uploads\/2025\/01\/EN-MOCKUPS-1-new-1024x668.png 1024w, https:\/\/bcdn.traders-academy.net\/wp-content\/uploads\/2025\/01\/EN-MOCKUPS-1-new-768x501.png 768w, https:\/\/bcdn.traders-academy.net\/wp-content\/uploads\/2025\/01\/EN-MOCKUPS-1-new-1536x1001.png 1536w, https:\/\/bcdn.traders-academy.net\/wp-content\/uploads\/2025\/01\/EN-MOCKUPS-1-new-2048x1335.png 2048w, https:\/\/bcdn.traders-academy.net\/wp-content\/uploads\/2025\/01\/EN-MOCKUPS-1-new-600x391.png 600w\" sizes=\"(max-width: 2678px) 100vw, 2678px\" \/>\t\t\t\t\t\t\t\t\t\t\t\t\t\t<\/div>\n\t\t\t\t\t\t<\/div>\n\t\t\t\t<\/div>\n\t\t\t\t<div class=\"elementor-element elementor-element-962cade elementor-widget__width-initial elementor-hidden-tablet elementor-hidden-desktop elementor-widget elementor-widget-button\" data-id=\"962cade\" data-element_type=\"widget\" data-widget_type=\"button.default\">\n\t\t\t\t<div class=\"elementor-widget-container\">\n\t\t\t\t\t<div class=\"elementor-button-wrapper\">\n\t\t\t<a href=\"#\" class=\"elementor-button-link elementor-button elementor-size-sm\" role=\"button\">\n\t\t\t\t\t\t<span class=\"elementor-button-content-wrapper\">\n\t\t\t\t\t\t<span class=\"elementor-button-text\">\u0627\u0628\u062f\u0623 \u0627\u0644\u0622\u0646<\/span>\n\t\t<\/span>\n\t\t\t\t\t<\/a>\n\t\t<\/div>\n\t\t\t\t<\/div>\n\t\t\t\t<\/div>\n\t\t\t\t\t\t<\/div>\n\t\t\t\t\t<\/div>\n\t\t<\/div>\n\t\t\t\t\t\t\t\t<\/div>\n\t\t\t\t\t<\/div>\n\t\t<\/section>\n\t\t\t\t<section class=\"elementor-section elementor-top-section elementor-element elementor-element-59d0042 elementor-section-height-min-height elementor-section-content-middle elementor-hidden-desktop elementor-hidden-tablet elementor-section-boxed elementor-section-height-default elementor-section-items-middle\" data-id=\"59d0042\" data-element_type=\"section\" data-settings=\"{&quot;background_background&quot;:&quot;gradient&quot;}\">\n\t\t\t\t\t\t<div class=\"elementor-container elementor-column-gap-default\">\n\t\t\t\t\t\t\t<div class=\"elementor-row\">\n\t\t\t\t\t<div class=\"elementor-column elementor-col-50 elementor-top-column elementor-element elementor-element-049b0d4\" data-id=\"049b0d4\" data-element_type=\"column\">\n\t\t\t<div class=\"elementor-column-wrap elementor-element-populated\">\n\t\t\t\t\t\t\t<div class=\"elementor-widget-wrap\">\n\t\t\t\t\t\t<div class=\"elementor-element elementor-element-babc246 elementor-hidden-mobile elementor-widget elementor-widget-heading\" data-id=\"babc246\" data-element_type=\"widget\" data-widget_type=\"heading.default\">\n\t\t\t\t<div class=\"elementor-widget-container\">\n\t\t\t<h2 class=\"elementor-heading-title elementor-size-default\">\u062a\u0639\u0644\u0651\u0645\u060c \u062a\u062f\u0631\u0651\u0628\u060c \u062a\u062f\u0627\u0648\u0644!<\/h2>\t\t<\/div>\n\t\t\t\t<\/div>\n\t\t\t\t<div class=\"elementor-element elementor-element-8bd007d elementor-widget-mobile__width-inherit elementor-hidden-desktop elementor-hidden-tablet ta-m-center elementor-widget elementor-widget-heading\" data-id=\"8bd007d\" data-element_type=\"widget\" data-widget_type=\"heading.default\">\n\t\t\t\t<div class=\"elementor-widget-container\">\n\t\t\t<h2 class=\"elementor-heading-title elementor-size-default\">\u00a1Aprenda, practique, opere!<\/h2>\t\t<\/div>\n\t\t\t\t<\/div>\n\t\t\t\t<div class=\"elementor-element elementor-element-730a95c ta-m-center elementor-widget elementor-widget-heading\" data-id=\"730a95c\" data-element_type=\"widget\" data-widget_type=\"heading.default\">\n\t\t\t\t<div class=\"elementor-widget-container\">\n\t\t\t<h2 class=\"elementor-heading-title elementor-size-default\">Su ventanilla \u00fanica para <br> el \u00e9xito en la inversi\u00f3n<\/h2>\t\t<\/div>\n\t\t\t\t<\/div>\n\t\t\t\t<div class=\"elementor-element elementor-element-f0558f0 elementor-widget__width-initial elementor-hidden-mobile elementor-widget elementor-widget-button\" data-id=\"f0558f0\" data-element_type=\"widget\" data-widget_type=\"button.default\">\n\t\t\t\t<div class=\"elementor-widget-container\">\n\t\t\t\t\t<div class=\"elementor-button-wrapper\">\n\t\t\t<a href=\"#\" class=\"elementor-button-link elementor-button elementor-size-sm\" role=\"button\">\n\t\t\t\t\t\t<span class=\"elementor-button-content-wrapper\">\n\t\t\t\t\t\t<span class=\"elementor-button-text\">\u0627\u0628\u062f\u0623 \u0627\u0644\u0622\u0646<\/span>\n\t\t<\/span>\n\t\t\t\t\t<\/a>\n\t\t<\/div>\n\t\t\t\t<\/div>\n\t\t\t\t<\/div>\n\t\t\t\t\t\t<\/div>\n\t\t\t\t\t<\/div>\n\t\t<\/div>\n\t\t\t\t<div class=\"elementor-column elementor-col-50 elementor-top-column elementor-element elementor-element-850c595\" data-id=\"850c595\" data-element_type=\"column\">\n\t\t\t<div class=\"elementor-column-wrap elementor-element-populated\">\n\t\t\t\t\t\t\t<div class=\"elementor-widget-wrap\">\n\t\t\t\t\t\t<div class=\"elementor-element elementor-element-0ea2649 elementor-widget elementor-widget-image\" data-id=\"0ea2649\" data-element_type=\"widget\" data-widget_type=\"image.default\">\n\t\t\t\t<div class=\"elementor-widget-container\">\n\t\t\t\t\t\t\t\t<div class=\"elementor-image\">\n\t\t\t\t\t\t\t\t\t\t\t\t<img decoding=\"async\" loading=\"lazy\"width=\"2678\" height=\"1746\" src=\"https:\/\/bcdn.traders-academy.net\/wp-content\/uploads\/2025\/01\/EN-MOCKUPS-1-new.png\" class=\"attachment-full size-full wp-image-37818\" alt=\"\" srcset=\"https:\/\/bcdn.traders-academy.net\/wp-content\/uploads\/2025\/01\/EN-MOCKUPS-1-new.png 2678w, https:\/\/bcdn.traders-academy.net\/wp-content\/uploads\/2025\/01\/EN-MOCKUPS-1-new-300x196.png 300w, https:\/\/bcdn.traders-academy.net\/wp-content\/uploads\/2025\/01\/EN-MOCKUPS-1-new-1024x668.png 1024w, https:\/\/bcdn.traders-academy.net\/wp-content\/uploads\/2025\/01\/EN-MOCKUPS-1-new-768x501.png 768w, https:\/\/bcdn.traders-academy.net\/wp-content\/uploads\/2025\/01\/EN-MOCKUPS-1-new-1536x1001.png 1536w, https:\/\/bcdn.traders-academy.net\/wp-content\/uploads\/2025\/01\/EN-MOCKUPS-1-new-2048x1335.png 2048w, https:\/\/bcdn.traders-academy.net\/wp-content\/uploads\/2025\/01\/EN-MOCKUPS-1-new-600x391.png 600w\" sizes=\"(max-width: 2678px) 100vw, 2678px\" \/>\t\t\t\t\t\t\t\t\t\t\t\t\t\t<\/div>\n\t\t\t\t\t\t<\/div>\n\t\t\t\t<\/div>\n\t\t\t\t<div class=\"elementor-element elementor-element-de3d889 elementor-widget__width-initial elementor-hidden-tablet elementor-hidden-desktop pos-m-center es-broken-btn elementor-widget elementor-widget-button\" data-id=\"de3d889\" data-element_type=\"widget\" data-widget_type=\"button.default\">\n\t\t\t\t<div class=\"elementor-widget-container\">\n\t\t\t\t\t<div class=\"elementor-button-wrapper\">\n\t\t\t<a href=\"https:\/\/traders-academy.net\/es\/registration\/\" class=\"elementor-button-link elementor-button elementor-size-sm\" role=\"button\">\n\t\t\t\t\t\t<span class=\"elementor-button-content-wrapper\">\n\t\t\t\t\t\t<span class=\"elementor-button-text\">Aprende ahora<\/span>\n\t\t<\/span>\n\t\t\t\t\t<\/a>\n\t\t<\/div>\n\t\t\t\t<\/div>\n\t\t\t\t<\/div>\n\t\t\t\t\t\t<\/div>\n\t\t\t\t\t<\/div>\n\t\t<\/div>\n\t\t\t\t\t\t\t\t<\/div>\n\t\t\t\t\t<\/div>\n\t\t<\/section>\n\t\t\t\t\t\t\t<\/div>\n\t\t\t\t<\/div>\n\t\t\t\t<\/div>\n\t\t\t\t<\/div>\n\t\t\t\t<\/div>\n\t\t\t\t\t\t<\/div>\n\t\t\t\t\t<\/div>\n\t\t<\/div>\n\t\t\t\t\t\t\t\t<\/div>\n\t\t\t\t\t<\/div>\n\t\t<\/section>\n\t\t\t\t\t\t\t\t\t<\/div>\n\t\t\t<\/div>\n\t\t\t\t\t<\/div>\n\t\t","protected":false},"excerpt":{"rendered":"","protected":false},"author":704,"featured_media":0,"parent":0,"menu_order":0,"comment_status":"closed","ping_status":"closed","template":"elementor_header_footer","meta":{"_mi_skip_tracking":false,"_monsterinsights_sitenote_active":false,"_monsterinsights_sitenote_note":"","_monsterinsights_sitenote_category":0,"footnotes":""},"acf":[],"_links":{"self":[{"href":"https:\/\/traders-academy.net\/es\/wp-json\/wp\/v2\/pages\/22095"}],"collection":[{"href":"https:\/\/traders-academy.net\/es\/wp-json\/wp\/v2\/pages"}],"about":[{"href":"https:\/\/traders-academy.net\/es\/wp-json\/wp\/v2\/types\/page"}],"author":[{"embeddable":true,"href":"https:\/\/traders-academy.net\/es\/wp-json\/wp\/v2\/users\/704"}],"replies":[{"embeddable":true,"href":"https:\/\/traders-academy.net\/es\/wp-json\/wp\/v2\/comments?post=22095"}],"version-history":[{"count":0,"href":"https:\/\/traders-academy.net\/es\/wp-json\/wp\/v2\/pages\/22095\/revisions"}],"wp:attachment":[{"href":"https:\/\/traders-academy.net\/es\/wp-json\/wp\/v2\/media?parent=22095"}],"curies":[{"name":"wp","href":"https:\/\/api.w.org\/{rel}","templated":true}]}}